{"id":31,"date":"2020-05-01T15:15:54","date_gmt":"2020-05-01T20:15:54","guid":{"rendered":"http:\/\/www.asociacionclp.com\/?page_id=31"},"modified":"2020-08-19T13:13:46","modified_gmt":"2020-08-19T18:13:46","slug":"quienes-somos","status":"publish","type":"page","link":"https:\/\/asociacionclp.com\/?page_id=31","title":{"rendered":"\u00bfQui\u00e9nes Somos?"},"content":{"rendered":"\n<h2 id=\"quienes\">\u00bfQui\u00e9nes  Somos?<\/h2>\n\n\n\n<p>Somos una asociaci\u00f3n civil conformada por colonos de Lomas del Pedregal que buscamos garantizar una <strong>sana convivencia<\/strong>, <strong>un hogar seguro <\/strong>y <strong>un patrimonio para el futuro<\/strong>. <\/p>\n\n\n\n<p>Esta iniciativa nace a partir de algunas inconformidades registradas en la administraci\u00f3n de nuestro fraccionamiento, y busca representar los intereses de quienes habitamos en \u00e9l, as\u00ed como exigir una rendici\u00f3n de cuentas abiertas y permanente sobre el uso de los recursos que aportamos. <\/p>\n\n\n\n<h2 id=\"objetivos\">Objetivos de la ACLP<\/h2>\n\n\n\n<p>Como parte de nuestro compromiso con la transparencia y bienestar de nuestras familias, queremos compartirte 7 objetivos a alcanzar por medio de nuestra iniciativa:<\/p>\n\n\n\n<ol type=\"1\"><li><strong>Conservar e incrementar el valor de nuestro inmueble<\/strong><\/li><\/ol>\n\n\n\n<p><em>Para tener seguridad en nuestra inversi\u00f3n y patrimonio, buscamos preservar nuestros inmuebles e incrementar su valor. Deseamos hacerlo tomando decisiones que no vulneren los principios b\u00e1sicos de sana convivencia e impulsando iniciativas que mejoren el entorno y ambiente del fraccionamiento, esto sin perder de vista nuestra prioridad: la seguridad en la gesti\u00f3n de la administraci\u00f3n.<\/em><\/p>\n\n\n\n<ol start=\"2\"><li><strong>Promover la convivencia entre los colonos de Lomas del Pedregal<\/strong><\/li><\/ol>\n\n\n\n<p><em>Consideramos que la convivencia es vital, por ende, impulsaremos una amable y ordenada relaci\u00f3n entre todos los colonos del fraccionamiento. Fomentaremos actividades que generen un sentir de unidad y den la oportunidad de desarrollar temas en com\u00fan, ya sea en el sentido cultural o de esparcimiento, la finalidad es interactuar y tener una grata experiencia.<\/em><\/p>\n\n\n\n<ol start=\"3\"><li><strong>Analizar constantemente la gesti\u00f3n administrativa del fraccionamiento<\/strong><\/li><\/ol>\n\n\n\n<p><em>Para tener una inclusi\u00f3n efectiva en un tema que nos interesa a todos, identificaremos motivos de conflicto y posibles fallas en el quehacer administrativo, buscando ante todo una actitud positiva que ayude a facilitar las irregularidades y otorgue soluciones satisfactorias.<\/em><\/p>\n\n\n\n<ol start=\"4\"><li><strong>Participar en las decisiones de la administraci\u00f3n del fraccionamiento<\/strong><\/li><\/ol>\n\n\n\n<p><em>Estar presente es de suma importancia, por ello queremos otorgar voz y voto en un Comit\u00e9 de Vigilancia de la administraci\u00f3n del fraccionamiento. Por medio de \u00e9l ser\u00e1 posible proponer alternativas sobre la gesti\u00f3n de la administraci\u00f3n que influyan en el ahorro econ\u00f3mico, en mejores procedimientos administrativos y otros temas relacionados. Nuestra participaci\u00f3n es un derecho que como colonos adquirimos al cubrir la cuota administrativa y debemos ejercerlo.<\/em><\/p>\n\n\n\n<ol start=\"5\"><li><strong>Promover la transparencia en&nbsp; la&nbsp; operaci\u00f3n&nbsp; administrativa&nbsp; del&nbsp; fraccionamiento <\/strong><\/li><\/ol>\n\n\n\n<p><em>Uno de los ejes que deseamos priorizar es la comunicaci\u00f3n constante con la administraci\u00f3n, ya que la transparencia de su gesti\u00f3n es un factor elemental para mantener una sana relaci\u00f3n entre \u00e9sta y nuestra asociaci\u00f3n.<\/em><\/p>\n\n\n\n<ol start=\"6\"><li><strong>Mantener una cordial y profesional relaci\u00f3n con el fraccionador<\/strong><\/li><\/ol>\n\n\n\n<p><em>Nos proponemos buscar una conciliaci\u00f3n entre los objetivos del fraccionador sobre el desarrollo del fraccionamiento y nuestros intereses como colonos. Nos interesa cuidar que no se violenten las condiciones que en su momento se nos ofrecieron y tener una relaci\u00f3n de respeto y satisfacci\u00f3n entre los interesados. Nada justifica que el fraccionador sea la \u00fanica instancia de decisi\u00f3n en cuanto al crecimiento y los objetivos de desarrollo de un fraccionamiento del que todos formamos parte.<\/em><\/p>\n\n\n\n<ol type=\"1\" start=\"7\"><li><strong>Llevar la cuota administrativa al punto de negociaci\u00f3n<\/strong><\/li><\/ol>\n\n\n\n<p><em>Uno de nuestros objetivos es abordar el tema de la cuota de la administraci\u00f3n actual, por lo tanto, tendremos una entrevista con el fraccionador. Como colonos entendemos que a pesar de que el pago no es significativo en&nbsp; cuestiones econ\u00f3micas, s\u00ed resulta relevante debido a la discrecionalidad en su determinaci\u00f3n y nulo respeto en acuerdos previos para su definici\u00f3n.<\/em><\/p>\n\n\n\n<p><em>Cuando se determin\u00f3 el pago de $2,350.00 mensuales, se hizo en base a la densidad de ocupaci\u00f3n de hace 4 a\u00f1os. Desafortunadamente, desde entonces, este no ha sido modificado, a pesar de que se convino revisarlo peri\u00f3dicamente conforme aumentara el n\u00famero de colonos, mismo que hasta el momento ha incrementado de manera sustancial.<\/em><\/p>\n\n\n\n<p><em>De esta forma, siendo consistentes con nuestros prop\u00f3sitos y objetivos como asociaci\u00f3n, realizaremos una petici\u00f3n al fraccionador respecto a la adecuaci\u00f3n actual de la cuota, siendo esta una condici\u00f3n definitoria en nuestra relaci\u00f3n con \u00e9l.<\/em><\/p>\n\n\n\n<p>Con estas medidas consideramos que lograremos reforzar la inclusi\u00f3n y transparencia que aseguren nuestro bienestar general.<\/p>\n\n\n\n<p>Sin m\u00e1s por el momento, agradecemos tu atenci\u00f3n y tu activa participaci\u00f3n en la construcci\u00f3n de una mejor administraci\u00f3n para nuestro fraccionamiento, nuestro hogar y el de nuestras familias.<\/p>\n","protected":false},"excerpt":{"rendered":"<p>\u00bfQui\u00e9nes Somos? Somos una asociaci\u00f3n civil conformada por colonos de Lomas del Pedregal que buscamos garantizar una sana convivencia, un hogar seguro y un patrimonio&hellip;<\/p>\n","protected":false},"author":1,"featured_media":0,"parent":0,"menu_order":0,"comment_status":"closed","ping_status":"closed","template":"","meta":[],"_links":{"self":[{"href":"https:\/\/asociacionclp.com\/index.php?rest_route=\/wp\/v2\/pages\/31"}],"collection":[{"href":"https:\/\/asociacionclp.com\/index.php?rest_route=\/wp\/v2\/pages"}],"about":[{"href":"https:\/\/asociacionclp.com\/index.php?rest_route=\/wp\/v2\/types\/page"}],"author":[{"embeddable":true,"href":"https:\/\/asociacionclp.com\/index.php?rest_route=\/wp\/v2\/users\/1"}],"replies":[{"embeddable":true,"href":"https:\/\/asociacionclp.com\/index.php?rest_route=%2Fwp%2Fv2%2Fcomments&post=31"}],"version-history":[{"count":6,"href":"https:\/\/asociacionclp.com\/index.php?rest_route=\/wp\/v2\/pages\/31\/revisions"}],"predecessor-version":[{"id":119,"href":"https:\/\/asociacionclp.com\/index.php?rest_route=\/wp\/v2\/pages\/31\/revisions\/119"}],"wp:attachment":[{"href":"https:\/\/asociacionclp.com\/index.php?rest_route=%2Fwp%2Fv2%2Fmedia&parent=31"}],"curies":[{"name":"wp","href":"https:\/\/api.w.org\/{rel}","templated":true}]}}