{"id":63,"date":"2020-05-01T16:53:30","date_gmt":"2020-05-01T21:53:30","guid":{"rendered":"http:\/\/www.asociacionclp.com\/?page_id=63"},"modified":"2020-05-01T16:55:38","modified_gmt":"2020-05-01T21:55:38","slug":"notificaciones","status":"publish","type":"page","link":"https:\/\/asociacionclp.com\/?page_id=63","title":{"rendered":"Notificaciones"},"content":{"rendered":"\n<p>&#8230; Pr\u00f3ximamente m\u00e1s informaci\u00f3n &#8230;<\/p>\n","protected":false},"excerpt":{"rendered":"<p>&#8230; Pr\u00f3ximamente m\u00e1s informaci\u00f3n &#8230;<\/p>\n","protected":false},"author":1,"featured_media":0,"parent":0,"menu_order":0,"comment_status":"closed","ping_status":"closed","template":"","meta":[],"_links":{"self":[{"href":"https:\/\/asociacionclp.com\/index.php?rest_route=\/wp\/v2\/pages\/63"}],"collection":[{"href":"https:\/\/asociacionclp.com\/index.php?rest_route=\/wp\/v2\/pages"}],"about":[{"href":"https:\/\/asociacionclp.com\/index.php?rest_route=\/wp\/v2\/types\/page"}],"author":[{"embeddable":true,"href":"https:\/\/asociacionclp.com\/index.php?rest_route=\/wp\/v2\/users\/1"}],"replies":[{"embeddable":true,"href":"https:\/\/asociacionclp.com\/index.php?rest_route=%2Fwp%2Fv2%2Fcomments&post=63"}],"version-history":[{"count":2,"href":"https:\/\/asociacionclp.com\/index.php?rest_route=\/wp\/v2\/pages\/63\/revisions"}],"predecessor-version":[{"id":71,"href":"https:\/\/asociacionclp.com\/index.php?rest_route=\/wp\/v2\/pages\/63\/revisions\/71"}],"wp:attachment":[{"href":"https:\/\/asociacionclp.com\/index.php?rest_route=%2Fwp%2Fv2%2Fmedia&parent=63"}],"curies":[{"name":"wp","href":"https:\/\/api.w.org\/{rel}","templated":true}]}}